{"id":7600,"date":"2017-02-24T14:47:48","date_gmt":"2017-02-24T14:47:48","guid":{"rendered":"https:\/\/neauka.com\/produit\/sac-puericulture\/"},"modified":"2026-02-25T14:29:08","modified_gmt":"2026-02-25T14:29:08","slug":"sac-puericulture","status":"publish","type":"product","link":"https:\/\/neauka.com\/en\/product\/sac-puericulture\/","title":{"rendered":"N\u00ebauka Bag + Accessories"},"content":{"rendered":"<p><span style=\"font-family: Ubuntu;\"><span style=\"color: #cfa075;\"><strong><span style=\"color: #000000;\">\u2022<\/span> Accessories included:<\/strong><\/span> Changing pad, soother pouch, laundry bag, transparent zipped bag, removable shoulder strap.\u2028<\/span><br \/>\n<span style=\"font-family: Ubuntu;\"><span style=\"color: #cfa075;\"><strong><span style=\"color: #000000;\">\u2022<\/span> Dimensions:<\/strong><\/span> Height 32 &#8211; 45cm (adjustable volume) | Length 40 cm | Width 15 cm<\/span><br \/>\n<span style=\"font-family: Ubuntu;\"><span style=\"color: #cfa075;\"><strong><span style=\"color: #000000;\">\u2022<\/span> Weight:<\/strong><\/span> 0.6kg (1kg accessories inside)<\/span><br \/>\n<span style=\"font-family: Ubuntu;\"><span style=\"color: #cfa075;\"><strong><span style=\"color: #000000;\">\u2022<\/span> Fast stroller attachment:<\/strong><\/span> N\u00ebauka system.<\/span><br \/>\n<span style=\"font-family: Ubuntu;\"><span style=\"color: #cfa075;\"><strong><span style=\"color: #000000;\">\u2022<\/span> Inside:<\/strong><\/span> : 2 elastic pockets | 1 flat pocket with velcro | 1 zipped pocket | 1 phone pocket.\u2028<\/span><br \/>\n<span style=\"font-family: Ubuntu;\"><span style=\"color: #cfa075;\"><strong><span style=\"color: #000000;\">\u2022<\/span> Int\u00e9rieur :<\/strong><\/span> 2 poches \u00e9lastiques | 1 poche plate avec velcro | 1 poche zipp\u00e9e | 1 poche t\u00e9l\u00e9phone.<\/span><br \/>\n<span style=\"font-family: Ubuntu;\"><span style=\"color: #cfa075;\"><strong><span style=\"color: #000000;\">\u2022<\/span> Outside:<\/strong><\/span> : 1 insulated zipped bottle pocket, 1 zipped pocket (backside) with phone pocket inside | 1 large pocket (magnetic flap) | 1 flat pocket on the side.<\/span><br \/>\n<span style=\"font-family: Ubuntu;\"><span style=\"color: #cfa075;\"><strong><span style=\"color: #000000;\">\u2022<\/span> Changing pad dimensions (open):<\/strong><\/span> 59x34cm with comfort foam inside + waterproof surface (easy to clean).<\/span><br \/>\n<span style=\"font-family: Ubuntu;\"><span style=\"color: #cfa075;\"><strong><span style=\"color: #000000;\">\u2022<\/span> Zippers and Buckles:<\/strong><\/span> 100% metal hight quality.<\/span><br \/>\n<span style=\"font-family: Ubuntu;\"><span style=\"color: #cfa075;\"><strong><span style=\"color: #000000;\">\u2022<\/span> Materials:<\/strong><\/span> Grey polyester canvas (water-repellent), PU Leather (non animal) black + beige colors.\u00a0Lining polyester \/\u00a0100% PVC Free.<\/span><br \/>\n<span style=\"font-family: Ubuntu;\"><span style=\"color: #cfa075;\"><strong><span style=\"color: #000000;\">\u2022<\/span> Warranty:<\/strong><\/span> 2 years<\/span><br \/>\n<span style=\"font-family: Ubuntu;\"><span style=\"color: #cfa075;\"><strong><span style=\"color: #000000;\">\u2022<\/span> Cleaning:<\/strong><\/span> Hand washing\u2028<\/span><br \/>\n<span style=\"font-family: Ubuntu;\"><span style=\"color: #cfa075;\"><strong><span style=\"color: #000000;\">\u2022<\/span> Delivery:<\/strong><\/span> Shipped within 48 hours.<\/span><br \/>\n<span style=\"font-family: Ubuntu;\"><span style=\"color: #cfa075;\"><strong><span style=\"color: #000000;\">\u2022<\/span> Return:<\/strong> <\/span> 15 days, satisfied or refunded.<\/span><\/p>\n<p>&nbsp;<\/p>\n","protected":false},"excerpt":{"rendered":"<p><span style=\"font-family: Ubuntu;\"><strong><span style=\"color: #33cccc;\">Special Offer : Free Delivery in Europe !<br \/>\n<\/span><\/strong><span style=\"color: #33cccc; font-size: 14px;\">Shipped within 48h<\/span><\/span><\/p>\n<p><span style=\"color: #3366ff;\"><strong><span style=\"font-family: 'Ubuntu','serif';\">\u2022\u2022Complete product features bellow\u2022\u2022\u00a0<\/span><\/strong><\/span><b><i><\/i><\/b><\/p>\n","protected":false},"featured_media":6261,"comment_status":"open","ping_status":"closed","template":"","meta":[],"product_cat":[547],"product_tag":[],"yoast_head":"<!-- This site is optimized with the Yoast SEO plugin v21.8.1 - https:\/\/yoast.com\/wordpress\/plugins\/seo\/ -->\n<title>Sac Pu\u00e9riculture \/ Sac B\u00e9b\u00e9 \/ Sac a Langer<\/title>\n<meta name=\"description\" content=\"Sac pu\u00e9riculture mixte, pratique, esth\u00e9tique et multi-usages qui convient aussi bien au mamans qu&#039;aux papas !\" \/>\n<meta name=\"robots\" content=\"index, follow, max-snippet:-1, max-image-preview:large, max-video-preview:-1\" \/>\n<link rel=\"canonical\" href=\"https:\/\/neauka.com\/en\/product\/sac-puericulture\/\" \/>\n<meta property=\"og:locale\" content=\"en_US\" \/>\n<meta property=\"og:type\" content=\"article\" \/>\n<meta property=\"og:title\" content=\"Sac Pu\u00e9riculture \/ Sac B\u00e9b\u00e9 \/ Sac a Langer\" \/>\n<meta property=\"og:description\" content=\"Sac pu\u00e9riculture mixte, pratique, esth\u00e9tique et multi-usages qui convient aussi bien au mamans qu&#039;aux papas !\" \/>\n<meta property=\"og:url\" content=\"https:\/\/neauka.com\/en\/product\/sac-puericulture\/\" \/>\n<meta property=\"og:site_name\" content=\"N\u00ebauka\" \/>\n<meta property=\"article:publisher\" content=\"https:\/\/www.facebook.com\/neauka\/\" \/>\n<meta property=\"article:modified_time\" content=\"2026-02-25T14:29:08+00:00\" \/>\n<meta property=\"og:image\" content=\"https:\/\/neauka.com\/wp-content\/uploads\/2019\/09\/Neauka-Carre3New.jpg\" \/>\n\t<meta property=\"og:image:width\" content=\"1350\" \/>\n\t<meta property=\"og:image:height\" content=\"1350\" \/>\n\t<meta property=\"og:image:type\" content=\"image\/jpeg\" \/>\n<meta name=\"twitter:card\" content=\"summary_large_image\" \/>\n<meta name=\"twitter:site\" content=\"@neauka\" \/>\n<meta name=\"twitter:label1\" content=\"Est. reading time\" \/>\n\t<meta name=\"twitter:data1\" content=\"1 minute\" \/>\n<script type=\"application\/ld+json\" class=\"yoast-schema-graph\">{\"@context\":\"https:\/\/schema.org\",\"@graph\":[{\"@type\":\"WebPage\",\"@id\":\"https:\/\/neauka.com\/en\/product\/sac-puericulture\/\",\"url\":\"https:\/\/neauka.com\/en\/product\/sac-puericulture\/\",\"name\":\"Sac Pu\u00e9riculture \/ Sac B\u00e9b\u00e9 \/ Sac a Langer\",\"isPartOf\":{\"@id\":\"https:\/\/neauka.com\/#website\"},\"datePublished\":\"2017-02-24T14:47:48+00:00\",\"dateModified\":\"2026-02-25T14:29:08+00:00\",\"description\":\"Sac pu\u00e9riculture mixte, pratique, esth\u00e9tique et multi-usages qui convient aussi bien au mamans qu'aux papas !\",\"breadcrumb\":{\"@id\":\"https:\/\/neauka.com\/en\/product\/sac-puericulture\/#breadcrumb\"},\"inLanguage\":\"en-US\",\"potentialAction\":[{\"@type\":\"ReadAction\",\"target\":[\"https:\/\/neauka.com\/en\/product\/sac-puericulture\/\"]}]},{\"@type\":\"BreadcrumbList\",\"@id\":\"https:\/\/neauka.com\/en\/product\/sac-puericulture\/#breadcrumb\",\"itemListElement\":[{\"@type\":\"ListItem\",\"position\":1,\"name\":\"Accueil\",\"item\":\"https:\/\/neauka.com\/en\/\"},{\"@type\":\"ListItem\",\"position\":2,\"name\":\"Shop\",\"item\":\"https:\/\/neauka.com\/en\/shop\/\"},{\"@type\":\"ListItem\",\"position\":3,\"name\":\"N\u00ebauka Bag + Accessories\"}]},{\"@type\":\"WebSite\",\"@id\":\"https:\/\/neauka.com\/#website\",\"url\":\"https:\/\/neauka.com\/\",\"name\":\"N\u00ebauka\",\"description\":\"Sacs \u00e0 Langer Design !\",\"publisher\":{\"@id\":\"https:\/\/neauka.com\/#organization\"},\"potentialAction\":[{\"@type\":\"SearchAction\",\"target\":{\"@type\":\"EntryPoint\",\"urlTemplate\":\"https:\/\/neauka.com\/?s={search_term_string}\"},\"query-input\":\"required name=search_term_string\"}],\"inLanguage\":\"en-US\"},{\"@type\":\"Organization\",\"@id\":\"https:\/\/neauka.com\/#organization\",\"name\":\"N\u00ebauka\",\"url\":\"https:\/\/neauka.com\/\",\"logo\":{\"@type\":\"ImageObject\",\"inLanguage\":\"en-US\",\"@id\":\"https:\/\/neauka.com\/#\/schema\/logo\/image\/\",\"url\":\"https:\/\/neauka.com\/wp-content\/uploads\/2019\/05\/LogoSite600x600.png\",\"contentUrl\":\"https:\/\/neauka.com\/wp-content\/uploads\/2019\/05\/LogoSite600x600.png\",\"width\":600,\"height\":600,\"caption\":\"N\u00ebauka\"},\"image\":{\"@id\":\"https:\/\/neauka.com\/#\/schema\/logo\/image\/\"},\"sameAs\":[\"https:\/\/www.facebook.com\/neauka\/\",\"https:\/\/twitter.com\/neauka\",\"https:\/\/www.instagram.com\/neauka_baby\/\"]}]}<\/script>\n<!-- \/ Yoast SEO plugin. -->","yoast_head_json":{"title":"Sac Pu\u00e9riculture \/ Sac B\u00e9b\u00e9 \/ Sac a Langer","description":"Sac pu\u00e9riculture mixte, pratique, esth\u00e9tique et multi-usages qui convient aussi bien au mamans qu'aux papas !","robots":{"index":"index","follow":"follow","max-snippet":"max-snippet:-1","max-image-preview":"max-image-preview:large","max-video-preview":"max-video-preview:-1"},"canonical":"https:\/\/neauka.com\/en\/product\/sac-puericulture\/","og_locale":"en_US","og_type":"article","og_title":"Sac Pu\u00e9riculture \/ Sac B\u00e9b\u00e9 \/ Sac a Langer","og_description":"Sac pu\u00e9riculture mixte, pratique, esth\u00e9tique et multi-usages qui convient aussi bien au mamans qu'aux papas !","og_url":"https:\/\/neauka.com\/en\/product\/sac-puericulture\/","og_site_name":"N\u00ebauka","article_publisher":"https:\/\/www.facebook.com\/neauka\/","article_modified_time":"2026-02-25T14:29:08+00:00","og_image":[{"width":1350,"height":1350,"url":"https:\/\/neauka.com\/wp-content\/uploads\/2019\/09\/Neauka-Carre3New.jpg","type":"image\/jpeg"}],"twitter_card":"summary_large_image","twitter_site":"@neauka","twitter_misc":{"Est. reading time":"1 minute"},"schema":{"@context":"https:\/\/schema.org","@graph":[{"@type":"WebPage","@id":"https:\/\/neauka.com\/en\/product\/sac-puericulture\/","url":"https:\/\/neauka.com\/en\/product\/sac-puericulture\/","name":"Sac Pu\u00e9riculture \/ Sac B\u00e9b\u00e9 \/ Sac a Langer","isPartOf":{"@id":"https:\/\/neauka.com\/#website"},"datePublished":"2017-02-24T14:47:48+00:00","dateModified":"2026-02-25T14:29:08+00:00","description":"Sac pu\u00e9riculture mixte, pratique, esth\u00e9tique et multi-usages qui convient aussi bien au mamans qu'aux papas !","breadcrumb":{"@id":"https:\/\/neauka.com\/en\/product\/sac-puericulture\/#breadcrumb"},"inLanguage":"en-US","potentialAction":[{"@type":"ReadAction","target":["https:\/\/neauka.com\/en\/product\/sac-puericulture\/"]}]},{"@type":"BreadcrumbList","@id":"https:\/\/neauka.com\/en\/product\/sac-puericulture\/#breadcrumb","itemListElement":[{"@type":"ListItem","position":1,"name":"Accueil","item":"https:\/\/neauka.com\/en\/"},{"@type":"ListItem","position":2,"name":"Shop","item":"https:\/\/neauka.com\/en\/shop\/"},{"@type":"ListItem","position":3,"name":"N\u00ebauka Bag + Accessories"}]},{"@type":"WebSite","@id":"https:\/\/neauka.com\/#website","url":"https:\/\/neauka.com\/","name":"N\u00ebauka","description":"Sacs \u00e0 Langer Design !","publisher":{"@id":"https:\/\/neauka.com\/#organization"},"potentialAction":[{"@type":"SearchAction","target":{"@type":"EntryPoint","urlTemplate":"https:\/\/neauka.com\/?s={search_term_string}"},"query-input":"required name=search_term_string"}],"inLanguage":"en-US"},{"@type":"Organization","@id":"https:\/\/neauka.com\/#organization","name":"N\u00ebauka","url":"https:\/\/neauka.com\/","logo":{"@type":"ImageObject","inLanguage":"en-US","@id":"https:\/\/neauka.com\/#\/schema\/logo\/image\/","url":"https:\/\/neauka.com\/wp-content\/uploads\/2019\/05\/LogoSite600x600.png","contentUrl":"https:\/\/neauka.com\/wp-content\/uploads\/2019\/05\/LogoSite600x600.png","width":600,"height":600,"caption":"N\u00ebauka"},"image":{"@id":"https:\/\/neauka.com\/#\/schema\/logo\/image\/"},"sameAs":["https:\/\/www.facebook.com\/neauka\/","https:\/\/twitter.com\/neauka","https:\/\/www.instagram.com\/neauka_baby\/"]}]}},"_links":{"self":[{"href":"https:\/\/neauka.com\/en\/wp-json\/wp\/v2\/product\/7600"}],"collection":[{"href":"https:\/\/neauka.com\/en\/wp-json\/wp\/v2\/product"}],"about":[{"href":"https:\/\/neauka.com\/en\/wp-json\/wp\/v2\/types\/product"}],"replies":[{"embeddable":true,"href":"https:\/\/neauka.com\/en\/wp-json\/wp\/v2\/comments?post=7600"}],"wp:featuredmedia":[{"embeddable":true,"href":"https:\/\/neauka.com\/en\/wp-json\/wp\/v2\/media\/6261"}],"wp:attachment":[{"href":"https:\/\/neauka.com\/en\/wp-json\/wp\/v2\/media?parent=7600"}],"wp:term":[{"taxonomy":"product_cat","embeddable":true,"href":"https:\/\/neauka.com\/en\/wp-json\/wp\/v2\/product_cat?post=7600"},{"taxonomy":"product_tag","embeddable":true,"href":"https:\/\/neauka.com\/en\/wp-json\/wp\/v2\/product_tag?post=7600"}],"curies":[{"name":"wp","href":"https:\/\/api.w.org\/{rel}","templated":true}]}}