{"id":5110,"date":"2019-05-06T20:45:52","date_gmt":"2019-05-06T20:45:52","guid":{"rendered":"https:\/\/neauka.com\/sac-a-langer\/"},"modified":"2023-02-17T06:45:30","modified_gmt":"2023-02-17T06:45:30","slug":"sac-a-langer","status":"publish","type":"page","link":"https:\/\/neauka.com\/en\/","title":{"rendered":"Home EN"},"content":{"rendered":"","protected":false},"excerpt":{"rendered":"","protected":false},"author":1,"featured_media":0,"parent":0,"menu_order":0,"comment_status":"closed","ping_status":"closed","template":"","meta":[],"yoast_head":"<!-- This site is optimized with the Yoast SEO plugin v21.8.1 - https:\/\/yoast.com\/wordpress\/plugins\/seo\/ -->\n<title>N\u00ebauka \u2022 Sac \u00e0 langer design \u2022 Nouvelle Marque Fran\u00e7aise de Pu\u00e9riculture<\/title>\n<meta name=\"description\" content=\"D\u00e9couvrez sa toute premi\u00e8re cr\u00e9ation exclusive, un sac \u00e0 langer pratique pour les parents. Esth\u00e9tique et mixte, il s&#039;utilise aussi bien\u00a0avec que sans b\u00e9b\u00e9 !\" \/>\n<meta name=\"robots\" content=\"index, follow, max-snippet:-1, max-image-preview:large, max-video-preview:-1\" \/>\n<link rel=\"canonical\" href=\"https:\/\/neauka.com\/en\/\" \/>\n<meta property=\"og:locale\" content=\"en_US\" \/>\n<meta property=\"og:type\" content=\"article\" \/>\n<meta property=\"og:title\" content=\"N\u00ebauka\" \/>\n<meta property=\"og:description\" content=\"Marque fran\u00e7aise de produits de sacs \u00e0 langer, sacs parents mixtes\" \/>\n<meta property=\"og:url\" content=\"https:\/\/neauka.com\/en\/\" \/>\n<meta property=\"og:site_name\" content=\"N\u00ebauka\" \/>\n<meta property=\"article:publisher\" content=\"https:\/\/www.facebook.com\/neauka\/\" \/>\n<meta property=\"article:modified_time\" content=\"2023-02-17T06:45:30+00:00\" \/>\n<meta property=\"og:image\" content=\"https:\/\/neauka.com\/wp-content\/uploads\/2019\/06\/ImageFacebook1200x630.jpg\" \/>\n\t<meta property=\"og:image:width\" content=\"1200\" \/>\n\t<meta property=\"og:image:height\" content=\"630\" \/>\n\t<meta property=\"og:image:type\" content=\"image\/jpeg\" \/>\n<meta name=\"twitter:card\" content=\"summary_large_image\" \/>\n<meta name=\"twitter:site\" content=\"@neauka\" \/>\n<script type=\"application\/ld+json\" class=\"yoast-schema-graph\">{\"@context\":\"https:\/\/schema.org\",\"@graph\":[{\"@type\":\"WebPage\",\"@id\":\"https:\/\/neauka.com\/en\/\",\"url\":\"https:\/\/neauka.com\/en\/\",\"name\":\"N\u00ebauka \u2022 Sac \u00e0 langer design \u2022 Nouvelle Marque Fran\u00e7aise de Pu\u00e9riculture\",\"isPartOf\":{\"@id\":\"https:\/\/neauka.com\/#website\"},\"datePublished\":\"2019-05-06T20:45:52+00:00\",\"dateModified\":\"2023-02-17T06:45:30+00:00\",\"description\":\"D\u00e9couvrez sa toute premi\u00e8re cr\u00e9ation exclusive, un sac \u00e0 langer pratique pour les parents. Esth\u00e9tique et mixte, il s'utilise aussi bien\u00a0avec que sans b\u00e9b\u00e9 !\",\"breadcrumb\":{\"@id\":\"https:\/\/neauka.com\/en\/#breadcrumb\"},\"inLanguage\":\"en-US\",\"potentialAction\":[{\"@type\":\"ReadAction\",\"target\":[\"https:\/\/neauka.com\/en\/\"]}]},{\"@type\":\"BreadcrumbList\",\"@id\":\"https:\/\/neauka.com\/en\/#breadcrumb\",\"itemListElement\":[{\"@type\":\"ListItem\",\"position\":1,\"name\":\"Accueil\",\"item\":\"https:\/\/neauka.com\/en\/\"},{\"@type\":\"ListItem\",\"position\":2,\"name\":\"Home EN\"}]},{\"@type\":\"WebSite\",\"@id\":\"https:\/\/neauka.com\/#website\",\"url\":\"https:\/\/neauka.com\/\",\"name\":\"N\u00ebauka\",\"description\":\"Sacs \u00e0 Langer Design !\",\"publisher\":{\"@id\":\"https:\/\/neauka.com\/#organization\"},\"potentialAction\":[{\"@type\":\"SearchAction\",\"target\":{\"@type\":\"EntryPoint\",\"urlTemplate\":\"https:\/\/neauka.com\/?s={search_term_string}\"},\"query-input\":\"required name=search_term_string\"}],\"inLanguage\":\"en-US\"},{\"@type\":\"Organization\",\"@id\":\"https:\/\/neauka.com\/#organization\",\"name\":\"N\u00ebauka\",\"url\":\"https:\/\/neauka.com\/\",\"logo\":{\"@type\":\"ImageObject\",\"inLanguage\":\"en-US\",\"@id\":\"https:\/\/neauka.com\/#\/schema\/logo\/image\/\",\"url\":\"https:\/\/neauka.com\/wp-content\/uploads\/2019\/05\/LogoSite600x600.png\",\"contentUrl\":\"https:\/\/neauka.com\/wp-content\/uploads\/2019\/05\/LogoSite600x600.png\",\"width\":600,\"height\":600,\"caption\":\"N\u00ebauka\"},\"image\":{\"@id\":\"https:\/\/neauka.com\/#\/schema\/logo\/image\/\"},\"sameAs\":[\"https:\/\/www.facebook.com\/neauka\/\",\"https:\/\/twitter.com\/neauka\",\"https:\/\/www.instagram.com\/neauka_baby\/\"]}]}<\/script>\n<!-- \/ Yoast SEO plugin. -->","yoast_head_json":{"title":"N\u00ebauka \u2022 Sac \u00e0 langer design \u2022 Nouvelle Marque Fran\u00e7aise de Pu\u00e9riculture","description":"D\u00e9couvrez sa toute premi\u00e8re cr\u00e9ation exclusive, un sac \u00e0 langer pratique pour les parents. Esth\u00e9tique et mixte, il s'utilise aussi bien\u00a0avec que sans b\u00e9b\u00e9 !","robots":{"index":"index","follow":"follow","max-snippet":"max-snippet:-1","max-image-preview":"max-image-preview:large","max-video-preview":"max-video-preview:-1"},"canonical":"https:\/\/neauka.com\/en\/","og_locale":"en_US","og_type":"article","og_title":"N\u00ebauka","og_description":"Marque fran\u00e7aise de produits de sacs \u00e0 langer, sacs parents mixtes","og_url":"https:\/\/neauka.com\/en\/","og_site_name":"N\u00ebauka","article_publisher":"https:\/\/www.facebook.com\/neauka\/","article_modified_time":"2023-02-17T06:45:30+00:00","og_image":[{"width":1200,"height":630,"url":"https:\/\/neauka.com\/wp-content\/uploads\/2019\/06\/ImageFacebook1200x630.jpg","type":"image\/jpeg"}],"twitter_card":"summary_large_image","twitter_site":"@neauka","schema":{"@context":"https:\/\/schema.org","@graph":[{"@type":"WebPage","@id":"https:\/\/neauka.com\/en\/","url":"https:\/\/neauka.com\/en\/","name":"N\u00ebauka \u2022 Sac \u00e0 langer design \u2022 Nouvelle Marque Fran\u00e7aise de Pu\u00e9riculture","isPartOf":{"@id":"https:\/\/neauka.com\/#website"},"datePublished":"2019-05-06T20:45:52+00:00","dateModified":"2023-02-17T06:45:30+00:00","description":"D\u00e9couvrez sa toute premi\u00e8re cr\u00e9ation exclusive, un sac \u00e0 langer pratique pour les parents. Esth\u00e9tique et mixte, il s'utilise aussi bien\u00a0avec que sans b\u00e9b\u00e9 !","breadcrumb":{"@id":"https:\/\/neauka.com\/en\/#breadcrumb"},"inLanguage":"en-US","potentialAction":[{"@type":"ReadAction","target":["https:\/\/neauka.com\/en\/"]}]},{"@type":"BreadcrumbList","@id":"https:\/\/neauka.com\/en\/#breadcrumb","itemListElement":[{"@type":"ListItem","position":1,"name":"Accueil","item":"https:\/\/neauka.com\/en\/"},{"@type":"ListItem","position":2,"name":"Home EN"}]},{"@type":"WebSite","@id":"https:\/\/neauka.com\/#website","url":"https:\/\/neauka.com\/","name":"N\u00ebauka","description":"Sacs \u00e0 Langer Design !","publisher":{"@id":"https:\/\/neauka.com\/#organization"},"potentialAction":[{"@type":"SearchAction","target":{"@type":"EntryPoint","urlTemplate":"https:\/\/neauka.com\/?s={search_term_string}"},"query-input":"required name=search_term_string"}],"inLanguage":"en-US"},{"@type":"Organization","@id":"https:\/\/neauka.com\/#organization","name":"N\u00ebauka","url":"https:\/\/neauka.com\/","logo":{"@type":"ImageObject","inLanguage":"en-US","@id":"https:\/\/neauka.com\/#\/schema\/logo\/image\/","url":"https:\/\/neauka.com\/wp-content\/uploads\/2019\/05\/LogoSite600x600.png","contentUrl":"https:\/\/neauka.com\/wp-content\/uploads\/2019\/05\/LogoSite600x600.png","width":600,"height":600,"caption":"N\u00ebauka"},"image":{"@id":"https:\/\/neauka.com\/#\/schema\/logo\/image\/"},"sameAs":["https:\/\/www.facebook.com\/neauka\/","https:\/\/twitter.com\/neauka","https:\/\/www.instagram.com\/neauka_baby\/"]}]}},"_links":{"self":[{"href":"https:\/\/neauka.com\/en\/wp-json\/wp\/v2\/pages\/5110"}],"collection":[{"href":"https:\/\/neauka.com\/en\/wp-json\/wp\/v2\/pages"}],"about":[{"href":"https:\/\/neauka.com\/en\/wp-json\/wp\/v2\/types\/page"}],"author":[{"embeddable":true,"href":"https:\/\/neauka.com\/en\/wp-json\/wp\/v2\/users\/1"}],"replies":[{"embeddable":true,"href":"https:\/\/neauka.com\/en\/wp-json\/wp\/v2\/comments?post=5110"}],"version-history":[{"count":5,"href":"https:\/\/neauka.com\/en\/wp-json\/wp\/v2\/pages\/5110\/revisions"}],"predecessor-version":[{"id":14506,"href":"https:\/\/neauka.com\/en\/wp-json\/wp\/v2\/pages\/5110\/revisions\/14506"}],"wp:attachment":[{"href":"https:\/\/neauka.com\/en\/wp-json\/wp\/v2\/media?parent=5110"}],"curies":[{"name":"wp","href":"https:\/\/api.w.org\/{rel}","templated":true}]}}